

{"id":157,"date":"2025-01-03T20:20:23","date_gmt":"2025-01-03T19:20:23","guid":{"rendered":"https:\/\/sirius-games.fr\/?page_id=157"},"modified":"2025-11-27T09:28:29","modified_gmt":"2025-11-27T08:28:29","slug":"boutique-2","status":"publish","type":"page","link":"https:\/\/sirius-games.fr\/index.php\/boutique-2\/","title":{"rendered":"Boutique"},"content":{"rendered":"<p>[et_pb_section fb_built=\u00a0\u00bb1&Prime; fullwidth=\u00a0\u00bbon\u00a0\u00bb _builder_version=\u00a0\u00bb4.27.4&Prime; _module_preset=\u00a0\u00bbdefault\u00a0\u00bb background_color=\u00a0\u00bb#4AA4F1&Prime; background_enable_image=\u00a0\u00bboff\u00a0\u00bb background_position=\u00a0\u00bbbottom_center\u00a0\u00bb global_colors_info=\u00a0\u00bb{}\u00a0\u00bb][et_pb_fullwidth_header title=\u00a0\u00bbSirius Games\u00a0\u00bb subhead=\u00a0\u00bbVotre jeu personnalis\u00e9 avec votre visage !\u00a0\u00bb text_orientation=\u00a0\u00bbcenter\u00a0\u00bb _builder_version=\u00a0\u00bb4.27.4&Prime; _module_preset=\u00a0\u00bbdefault\u00a0\u00bb title_font=\u00a0\u00bbAlfa Slab One||||||||\u00a0\u00bb title_font_size=\u00a0\u00bb60px\u00a0\u00bb content_font=\u00a0\u00bbAkshar||||||||\u00a0\u00bb content_font_size=\u00a0\u00bb20px\u00a0\u00bb subhead_font=\u00a0\u00bbAlfa Slab One||||||||\u00a0\u00bb subhead_font_size=\u00a0\u00bb21px\u00a0\u00bb background_enable_color=\u00a0\u00bboff\u00a0\u00bb custom_button_one=\u00a0\u00bbon\u00a0\u00bb button_one_border_color=\u00a0\u00bb#FEFEFE\u00a0\u00bb button_one_border_radius=\u00a0\u00bb0px\u00a0\u00bb button_one_font=\u00a0\u00bbAkshar||||||||\u00a0\u00bb custom_button_two=\u00a0\u00bbon\u00a0\u00bb button_two_text_color=\u00a0\u00bb#011625&Prime; button_two_bg_color=\u00a0\u00bb#FEFEFE\u00a0\u00bb button_two_border_color=\u00a0\u00bbRGBA(255,255,255,0)\u00a0\u00bb button_two_border_radius=\u00a0\u00bb0px\u00a0\u00bb button_two_font=\u00a0\u00bbAkshar||||||||\u00a0\u00bb button_two_icon_color=\u00a0\u00bb#011625&Prime; custom_padding=\u00a0\u00bb44px||52px|||\u00a0\u00bb global_colors_info=\u00a0\u00bb{}\u00a0\u00bb]<\/p>\n<p>&nbsp;<\/p>\n<p>D\u00e9couvrez nos jeux personnalis\u00e9s, o\u00f9 vos photos prennent vie gr\u00e2ce \u00e0 l\u2019intelligence artificielle. Que ce soit pour offrir ou pour partager des instants m\u00e9morables en famille, chaque jeu est une pi\u00e8ce unique, design\u00e9 et produit en France avec passion.<\/p>\n<p>[\/et_pb_fullwidth_header][\/et_pb_section][et_pb_section fb_built=\u00a0\u00bb1&Prime; _builder_version=\u00a0\u00bb4.27.4&Prime; _module_preset=\u00a0\u00bbdefault\u00a0\u00bb global_colors_info=\u00a0\u00bb{}\u00a0\u00bb][et_pb_row _builder_version=\u00a0\u00bb4.27.4&Prime; _module_preset=\u00a0\u00bbdefault\u00a0\u00bb global_colors_info=\u00a0\u00bb{}\u00a0\u00bb][et_pb_column type=\u00a0\u00bb4_4&Prime; _builder_version=\u00a0\u00bb4.27.4&Prime; _module_preset=\u00a0\u00bbdefault\u00a0\u00bb global_colors_info=\u00a0\u00bb{}\u00a0\u00bb][et_pb_shop show_pagination=\u00a0\u00bbon\u00a0\u00bb sale_badge_color=\u00a0\u00bb#4AA4F1&Prime; _builder_version=\u00a0\u00bb4.27.4&Prime; _module_preset=\u00a0\u00bbdefault\u00a0\u00bb title_font=\u00a0\u00bbAkshar||||||||\u00a0\u00bb title_text_color=\u00a0\u00bb#011625&Prime; price_font=\u00a0\u00bbAkshar||||||||\u00a0\u00bb price_text_color=\u00a0\u00bb#208EEE\u00a0\u00bb sale_badge_font=\u00a0\u00bbAkshar||||||||\u00a0\u00bb sale_badge_text_color=\u00a0\u00bb#FEFEFE\u00a0\u00bb global_colors_info=\u00a0\u00bb{}\u00a0\u00bb][\/et_pb_shop][\/et_pb_column][\/et_pb_row][\/et_pb_section]<\/p>\n","protected":false},"excerpt":{"rendered":"<p>&nbsp; D\u00e9couvrez nos jeux personnalis\u00e9s, o\u00f9 vos photos prennent vie gr\u00e2ce \u00e0 l\u2019intelligence artificielle. Que ce soit pour offrir ou pour partager des instants m\u00e9morables en famille, chaque jeu est une pi\u00e8ce unique, design\u00e9 et produit en France avec passion.<\/p>\n","protected":false},"author":1,"featured_media":0,"parent":0,"menu_order":0,"comment_status":"closed","ping_status":"closed","template":"","meta":{"_et_pb_use_builder":"on","_et_pb_old_content":"","_et_gb_content_width":"","footnotes":""},"class_list":["post-157","page","type-page","status-publish","hentry"],"yoast_head":"<!-- This site is optimized with the Yoast SEO plugin v27.0 - https:\/\/yoast.com\/product\/yoast-seo-wordpress\/ -->\n<title>Boutique - Sirius Games<\/title>\n<meta name=\"robots\" content=\"index, follow, max-snippet:-1, max-image-preview:large, max-video-preview:-1\" \/>\n<link rel=\"canonical\" href=\"https:\/\/sirius-games.fr\/index.php\/boutique-2\/\" \/>\n<meta property=\"og:locale\" content=\"fr_FR\" \/>\n<meta property=\"og:type\" content=\"article\" \/>\n<meta property=\"og:title\" content=\"Boutique - Sirius Games\" \/>\n<meta property=\"og:description\" content=\"&nbsp; D\u00e9couvrez nos jeux personnalis\u00e9s, o\u00f9 vos photos prennent vie gr\u00e2ce \u00e0 l\u2019intelligence artificielle. Que ce soit pour offrir ou pour partager des instants m\u00e9morables en famille, chaque jeu est une pi\u00e8ce unique, design\u00e9 et produit en France avec passion.\" \/>\n<meta property=\"og:url\" content=\"https:\/\/sirius-games.fr\/index.php\/boutique-2\/\" \/>\n<meta property=\"og:site_name\" content=\"Sirius Games\" \/>\n<meta property=\"article:publisher\" content=\"https:\/\/www.facebook.com\/people\/Sirius-Games\/61570457014281\/\" \/>\n<meta property=\"article:modified_time\" content=\"2025-11-27T08:28:29+00:00\" \/>\n<meta name=\"twitter:card\" content=\"summary_large_image\" \/>\n<meta name=\"twitter:label1\" content=\"Dur\u00e9e de lecture estim\u00e9e\" \/>\n\t<meta name=\"twitter:data1\" content=\"1 minute\" \/>\n<script type=\"application\/ld+json\" class=\"yoast-schema-graph\">{\"@context\":\"https:\/\/schema.org\",\"@graph\":[{\"@type\":\"WebPage\",\"@id\":\"https:\/\/sirius-games.fr\/index.php\/boutique-2\/\",\"url\":\"https:\/\/sirius-games.fr\/index.php\/boutique-2\/\",\"name\":\"Boutique - Sirius Games\",\"isPartOf\":{\"@id\":\"https:\/\/sirius-games.fr\/#website\"},\"datePublished\":\"2025-01-03T19:20:23+00:00\",\"dateModified\":\"2025-11-27T08:28:29+00:00\",\"breadcrumb\":{\"@id\":\"https:\/\/sirius-games.fr\/index.php\/boutique-2\/#breadcrumb\"},\"inLanguage\":\"fr-FR\",\"potentialAction\":[{\"@type\":\"ReadAction\",\"target\":[\"https:\/\/sirius-games.fr\/index.php\/boutique-2\/\"]}]},{\"@type\":\"BreadcrumbList\",\"@id\":\"https:\/\/sirius-games.fr\/index.php\/boutique-2\/#breadcrumb\",\"itemListElement\":[{\"@type\":\"ListItem\",\"position\":1,\"name\":\"Accueil\",\"item\":\"https:\/\/sirius-games.fr\/\"},{\"@type\":\"ListItem\",\"position\":2,\"name\":\"Boutique\"}]},{\"@type\":\"WebSite\",\"@id\":\"https:\/\/sirius-games.fr\/#website\",\"url\":\"https:\/\/sirius-games.fr\/\",\"name\":\"Sirius Games\",\"description\":\"Votre jeu de carte personnalis\u00e9 avec votre visage !\",\"publisher\":{\"@id\":\"https:\/\/sirius-games.fr\/#organization\"},\"potentialAction\":[{\"@type\":\"SearchAction\",\"target\":{\"@type\":\"EntryPoint\",\"urlTemplate\":\"https:\/\/sirius-games.fr\/?s={search_term_string}\"},\"query-input\":{\"@type\":\"PropertyValueSpecification\",\"valueRequired\":true,\"valueName\":\"search_term_string\"}}],\"inLanguage\":\"fr-FR\"},{\"@type\":\"Organization\",\"@id\":\"https:\/\/sirius-games.fr\/#organization\",\"name\":\"Sirius Games\",\"url\":\"https:\/\/sirius-games.fr\/\",\"logo\":{\"@type\":\"ImageObject\",\"inLanguage\":\"fr-FR\",\"@id\":\"https:\/\/sirius-games.fr\/#\/schema\/logo\/image\/\",\"url\":\"https:\/\/sirius-games.fr\/wp-content\/uploads\/2025\/01\/logo.png\",\"contentUrl\":\"https:\/\/sirius-games.fr\/wp-content\/uploads\/2025\/01\/logo.png\",\"width\":447,\"height\":227,\"caption\":\"Sirius Games\"},\"image\":{\"@id\":\"https:\/\/sirius-games.fr\/#\/schema\/logo\/image\/\"},\"sameAs\":[\"https:\/\/www.facebook.com\/people\/Sirius-Games\/61570457014281\/\",\"https:\/\/www.instagram.com\/sirius_games_\/\"]}]}<\/script>\n<!-- \/ Yoast SEO plugin. -->","yoast_head_json":{"title":"Boutique - Sirius Games","robots":{"index":"index","follow":"follow","max-snippet":"max-snippet:-1","max-image-preview":"max-image-preview:large","max-video-preview":"max-video-preview:-1"},"canonical":"https:\/\/sirius-games.fr\/index.php\/boutique-2\/","og_locale":"fr_FR","og_type":"article","og_title":"Boutique - Sirius Games","og_description":"&nbsp; D\u00e9couvrez nos jeux personnalis\u00e9s, o\u00f9 vos photos prennent vie gr\u00e2ce \u00e0 l\u2019intelligence artificielle. Que ce soit pour offrir ou pour partager des instants m\u00e9morables en famille, chaque jeu est une pi\u00e8ce unique, design\u00e9 et produit en France avec passion.","og_url":"https:\/\/sirius-games.fr\/index.php\/boutique-2\/","og_site_name":"Sirius Games","article_publisher":"https:\/\/www.facebook.com\/people\/Sirius-Games\/61570457014281\/","article_modified_time":"2025-11-27T08:28:29+00:00","twitter_card":"summary_large_image","twitter_misc":{"Dur\u00e9e de lecture estim\u00e9e":"1 minute"},"schema":{"@context":"https:\/\/schema.org","@graph":[{"@type":"WebPage","@id":"https:\/\/sirius-games.fr\/index.php\/boutique-2\/","url":"https:\/\/sirius-games.fr\/index.php\/boutique-2\/","name":"Boutique - Sirius Games","isPartOf":{"@id":"https:\/\/sirius-games.fr\/#website"},"datePublished":"2025-01-03T19:20:23+00:00","dateModified":"2025-11-27T08:28:29+00:00","breadcrumb":{"@id":"https:\/\/sirius-games.fr\/index.php\/boutique-2\/#breadcrumb"},"inLanguage":"fr-FR","potentialAction":[{"@type":"ReadAction","target":["https:\/\/sirius-games.fr\/index.php\/boutique-2\/"]}]},{"@type":"BreadcrumbList","@id":"https:\/\/sirius-games.fr\/index.php\/boutique-2\/#breadcrumb","itemListElement":[{"@type":"ListItem","position":1,"name":"Accueil","item":"https:\/\/sirius-games.fr\/"},{"@type":"ListItem","position":2,"name":"Boutique"}]},{"@type":"WebSite","@id":"https:\/\/sirius-games.fr\/#website","url":"https:\/\/sirius-games.fr\/","name":"Sirius Games","description":"Votre jeu de carte personnalis\u00e9 avec votre visage !","publisher":{"@id":"https:\/\/sirius-games.fr\/#organization"},"potentialAction":[{"@type":"SearchAction","target":{"@type":"EntryPoint","urlTemplate":"https:\/\/sirius-games.fr\/?s={search_term_string}"},"query-input":{"@type":"PropertyValueSpecification","valueRequired":true,"valueName":"search_term_string"}}],"inLanguage":"fr-FR"},{"@type":"Organization","@id":"https:\/\/sirius-games.fr\/#organization","name":"Sirius Games","url":"https:\/\/sirius-games.fr\/","logo":{"@type":"ImageObject","inLanguage":"fr-FR","@id":"https:\/\/sirius-games.fr\/#\/schema\/logo\/image\/","url":"https:\/\/sirius-games.fr\/wp-content\/uploads\/2025\/01\/logo.png","contentUrl":"https:\/\/sirius-games.fr\/wp-content\/uploads\/2025\/01\/logo.png","width":447,"height":227,"caption":"Sirius Games"},"image":{"@id":"https:\/\/sirius-games.fr\/#\/schema\/logo\/image\/"},"sameAs":["https:\/\/www.facebook.com\/people\/Sirius-Games\/61570457014281\/","https:\/\/www.instagram.com\/sirius_games_\/"]}]}},"_links":{"self":[{"href":"https:\/\/sirius-games.fr\/index.php\/wp-json\/wp\/v2\/pages\/157","targetHints":{"allow":["GET"]}}],"collection":[{"href":"https:\/\/sirius-games.fr\/index.php\/wp-json\/wp\/v2\/pages"}],"about":[{"href":"https:\/\/sirius-games.fr\/index.php\/wp-json\/wp\/v2\/types\/page"}],"author":[{"embeddable":true,"href":"https:\/\/sirius-games.fr\/index.php\/wp-json\/wp\/v2\/users\/1"}],"replies":[{"embeddable":true,"href":"https:\/\/sirius-games.fr\/index.php\/wp-json\/wp\/v2\/comments?post=157"}],"version-history":[{"count":9,"href":"https:\/\/sirius-games.fr\/index.php\/wp-json\/wp\/v2\/pages\/157\/revisions"}],"predecessor-version":[{"id":2146,"href":"https:\/\/sirius-games.fr\/index.php\/wp-json\/wp\/v2\/pages\/157\/revisions\/2146"}],"wp:attachment":[{"href":"https:\/\/sirius-games.fr\/index.php\/wp-json\/wp\/v2\/media?parent=157"}],"curies":[{"name":"wp","href":"https:\/\/api.w.org\/{rel}","templated":true}]}}