

{"id":1744,"date":"2025-10-27T10:57:48","date_gmt":"2025-10-27T09:57:48","guid":{"rendered":"https:\/\/sirius-games.fr\/?page_id=1744"},"modified":"2025-10-27T10:57:48","modified_gmt":"2025-10-27T09:57:48","slug":"concours-lepine-2025-2","status":"publish","type":"page","link":"https:\/\/sirius-games.fr\/index.php\/concours-lepine-2025-2\/","title":{"rendered":"Concours L\u00e9pine 2025"},"content":{"rendered":"<p>[et_pb_section fb_built=\u00a0\u00bb1&Prime; theme_builder_area=\u00a0\u00bbpost_content\u00a0\u00bb _builder_version=\u00a0\u00bb4.27.4&Prime; _module_preset=\u00a0\u00bbdefault\u00a0\u00bb background_color=\u00a0\u00bb#208EEE\u00a0\u00bb hover_enabled=\u00a0\u00bb0&Prime; sticky_enabled=\u00a0\u00bb0&Prime;][et_pb_row _builder_version=\u00a0\u00bb4.27.4&Prime; _module_preset=\u00a0\u00bbdefault\u00a0\u00bb hover_enabled=\u00a0\u00bb0&Prime; global_colors_info=\u00a0\u00bb{}\u00a0\u00bb theme_builder_area=\u00a0\u00bbpost_content\u00a0\u00bb sticky_enabled=\u00a0\u00bb0&Prime;][et_pb_column type=\u00a0\u00bb4_4&Prime; _builder_version=\u00a0\u00bb4.27.4&Prime; _module_preset=\u00a0\u00bbdefault\u00a0\u00bb global_colors_info=\u00a0\u00bb{}\u00a0\u00bb theme_builder_area=\u00a0\u00bbpost_content\u00a0\u00bb][et_pb_text _builder_version=\u00a0\u00bb4.27.4&Prime; _module_preset=\u00a0\u00bbdefault\u00a0\u00bb text_font=\u00a0\u00bbAlatsi||||||||\u00a0\u00bb header_text_align=\u00a0\u00bbcenter\u00a0\u00bb header_2_font=\u00a0\u00bbAlatsi||||||||\u00a0\u00bb header_2_text_color=\u00a0\u00bb#011625&Prime; header_2_font_size=\u00a0\u00bb24px\u00a0\u00bb hover_enabled=\u00a0\u00bb0&Prime; global_colors_info=\u00a0\u00bb{}\u00a0\u00bb theme_builder_area=\u00a0\u00bbpost_content\u00a0\u00bb text_text_color=\u00a0\u00bb#FEFEFE\u00a0\u00bb header_text_color=\u00a0\u00bb#FEFEFE\u00a0\u00bb sticky_enabled=\u00a0\u00bb0&Prime;]<\/p>\n<h1>Sirius Games au Concours L\u00e9pine 2025 \u2014 Foire de Paris<\/h1>\n<h2 data-start=\"291\" data-end=\"360\"><strong data-start=\"291\" data-end=\"360\"><\/strong><\/h2>\n<p>[\/et_pb_text][\/et_pb_column][\/et_pb_row][\/et_pb_section][et_pb_section fb_built=\u00a0\u00bb1&Prime; _builder_version=\u00a0\u00bb4.27.4&Prime; _module_preset=\u00a0\u00bbdefault\u00a0\u00bb hover_enabled=\u00a0\u00bb0&Prime; global_colors_info=\u00a0\u00bb{}\u00a0\u00bb sticky_enabled=\u00a0\u00bb0&Prime;][et_pb_row column_structure=\u00a0\u00bb1_2,1_2&Prime; _builder_version=\u00a0\u00bb4.27.4&Prime; _module_preset=\u00a0\u00bbdefault\u00a0\u00bb global_colors_info=\u00a0\u00bb{}\u00a0\u00bb][et_pb_column type=\u00a0\u00bb1_2&Prime; _builder_version=\u00a0\u00bb4.27.4&Prime; _module_preset=\u00a0\u00bbdefault\u00a0\u00bb global_colors_info=\u00a0\u00bb{}\u00a0\u00bb][et_pb_image src=\u00a0\u00bbhttps:\/\/sirius-games.fr\/wp-content\/uploads\/2025\/05\/Foire-de-paris.png\u00a0\u00bb alt=\u00a0\u00bbsirius games au concours l\u00e9pine 2025&Prime; title_text=\u00a0\u00bbsirius games au concours l\u00e9pine 2025&Prime; _builder_version=\u00a0\u00bb4.27.4&Prime; _module_preset=\u00a0\u00bbdefault\u00a0\u00bb max_height=\u00a0\u00bb378px\u00a0\u00bb global_colors_info=\u00a0\u00bb{}\u00a0\u00bb][\/et_pb_image][\/et_pb_column][et_pb_column type=\u00a0\u00bb1_2&Prime; _builder_version=\u00a0\u00bb4.27.4&Prime; _module_preset=\u00a0\u00bbdefault\u00a0\u00bb global_colors_info=\u00a0\u00bb{}\u00a0\u00bb][et_pb_text _builder_version=\u00a0\u00bb4.27.4&Prime; _module_preset=\u00a0\u00bbdefault\u00a0\u00bb text_font=\u00a0\u00bbAlatsi||||||||\u00a0\u00bb header_text_align=\u00a0\u00bbcenter\u00a0\u00bb header_2_font=\u00a0\u00bbAlatsi||||||||\u00a0\u00bb header_2_text_color=\u00a0\u00bb#011625&Prime; header_2_font_size=\u00a0\u00bb24px\u00a0\u00bb global_colors_info=\u00a0\u00bb{}\u00a0\u00bb]<\/p>\n<h2><strong>Une invention au service du jeu, de la cr\u00e9ativit\u00e9 et de l\u2019\u00e9motion<\/strong><\/h2>\n<p>Cette ann\u00e9e, <span style=\"color: #208eee;\"><strong>Sirius Games<\/strong><\/span> a eu l\u2019immense fiert\u00e9 de participer au prestigieux <span style=\"color: #208eee;\"><strong>Concours L\u00e9pine<\/strong><\/span>, organis\u00e9 dans le cadre de la <span style=\"color: #208eee;\"><strong>Foire de Paris 2025<\/strong><\/span>. Cet \u00e9v\u00e9nement embl\u00e9matique rassemble chaque ann\u00e9e inventeurs, cr\u00e9ateurs et passionn\u00e9s venus pr\u00e9senter au public les innovations qui fa\u00e7onneront peut-\u00eatre notre quotidien de demain. <\/p>\n<p>Pour nous, c\u2019\u00e9tait l\u2019occasion r\u00eav\u00e9e de d\u00e9voiler un projet ambitieux : <strong>r\u00e9inventer le jeu de cartes traditionnel<\/strong> en y int\u00e9grant la puissance de l\u2019intelligence artificielle et une personnalisation totale. Rencontrer les visiteurs, \u00e9changer avec eux, d\u00e9couvrir leurs r\u00e9actions lorsqu\u2019ils voyaient leur jeu prendre vie sous leurs yeux : une exp\u00e9rience immersive, cr\u00e9ative et chaleureuse, qui a renforc\u00e9 encore plus notre envie de proposer une nouvelle fa\u00e7on de jouer, \u00e0 la fois moderne et artisanale.<br \/>\n[\/et_pb_text][\/et_pb_column][\/et_pb_row][et_pb_row column_structure=\u00a0\u00bb1_2,1_2&Prime; _builder_version=\u00a0\u00bb4.27.4&Prime; _module_preset=\u00a0\u00bbdefault\u00a0\u00bb global_colors_info=\u00a0\u00bb{}\u00a0\u00bb][et_pb_column type=\u00a0\u00bb1_2&Prime; _builder_version=\u00a0\u00bb4.27.4&Prime; _module_preset=\u00a0\u00bbdefault\u00a0\u00bb global_colors_info=\u00a0\u00bb{}\u00a0\u00bb][et_pb_text _builder_version=\u00a0\u00bb4.27.4&Prime; _module_preset=\u00a0\u00bbdefault\u00a0\u00bb text_font=\u00a0\u00bbAlatsi||||||||\u00a0\u00bb header_text_align=\u00a0\u00bbcenter\u00a0\u00bb header_2_font=\u00a0\u00bbAlatsi||||||||\u00a0\u00bb header_2_text_color=\u00a0\u00bb#011625&Prime; header_2_font_size=\u00a0\u00bb24px\u00a0\u00bb custom_margin=\u00a0\u00bb||-26px|||\u00a0\u00bb hover_enabled=\u00a0\u00bb0&Prime; global_colors_info=\u00a0\u00bb{}\u00a0\u00bb sticky_enabled=\u00a0\u00bb0&Prime;]<\/p>\n<h2><strong>Le Concours L\u00e9pine, c\u2019est quoi ?<\/strong><\/h2>\n<p>Depuis 1901, le <span style=\"color: #208eee;\"><strong>Concours L\u00e9pine<\/strong><\/span> r\u00e9compense les inventions les plus ing\u00e9nieuses, utiles ou surprenantes, et met en lumi\u00e8re les cr\u00e9ateurs de demain. V\u00e9ritable tremplin pour les talents, il a vu na\u00eetre des objets devenus incontournables : du stylo \u00e0 bille au presse-pur\u00e9e, en passant par l\u2019aspirateur sans sac !<\/p>\n<p>Lors de cette \u00e9dition, nous avons pr\u00e9sent\u00e9 une cr\u00e9ation totalement innovante : un <span style=\"color: #208eee;\"><strong>jeu de cartes 100 % personnalis\u00e9<\/strong><\/span>, con\u00e7u gr\u00e2ce \u00e0 l\u2019intelligence artificielle et <strong>fabriqu\u00e9 sous les yeux des visiteurs<\/strong>. Chaque jeu \u00e9tait <span style=\"color: #208eee;\"><strong>cr\u00e9\u00e9 sur place en seulement 15 minutes<\/strong><\/span>, offrant une exp\u00e9rience \u00e0 la fois ludique, technologique et profond\u00e9ment humaine.<\/p>\n<p>[\/et_pb_text][et_pb_image src=\u00a0\u00bbhttps:\/\/sirius-games.fr\/wp-content\/uploads\/2025\/04\/Pastille-invention-en-lice-CLI-Paris-2025-noir-fond-transparent-scaled.png\u00a0\u00bb alt=\u00a0\u00bbconcours l\u00e9pine 2025 sirius games\u00a0\u00bb title_text=\u00a0\u00bbconcours l\u00e9pine 2025 sirius games\u00a0\u00bb align=\u00a0\u00bbcenter\u00a0\u00bb _builder_version=\u00a0\u00bb4.27.4&Prime; _module_preset=\u00a0\u00bbdefault\u00a0\u00bb max_height=\u00a0\u00bb124px\u00a0\u00bb animation_style=\u00a0\u00bbslide\u00a0\u00bb global_colors_info=\u00a0\u00bb{}\u00a0\u00bb custom_padding=\u00a0\u00bb31px|||||\u00a0\u00bb][\/et_pb_image][\/et_pb_column][et_pb_column type=\u00a0\u00bb1_2&Prime; _builder_version=\u00a0\u00bb4.27.4&Prime; _module_preset=\u00a0\u00bbdefault\u00a0\u00bb global_colors_info=\u00a0\u00bb{}\u00a0\u00bb][et_pb_image src=\u00a0\u00bbhttps:\/\/sirius-games.fr\/wp-content\/uploads\/2025\/05\/Louis_LeI_pine-3.jpg\u00a0\u00bb alt=\u00a0\u00bbLouis L\u00e9pine\u00a0\u00bb title_text=\u00a0\u00bbLouis L\u00e9pine\u00a0\u00bb url=\u00a0\u00bbhttps:\/\/www.concours-lepine.com\/\u00a0\u00bb align=\u00a0\u00bbcenter\u00a0\u00bb _builder_version=\u00a0\u00bb4.27.4&Prime; _module_preset=\u00a0\u00bbdefault\u00a0\u00bb max_height=\u00a0\u00bb378px\u00a0\u00bb hover_enabled=\u00a0\u00bb0&Prime; global_colors_info=\u00a0\u00bb{}\u00a0\u00bb sticky_enabled=\u00a0\u00bb0&Prime;][\/et_pb_image][\/et_pb_column][\/et_pb_row][et_pb_row column_structure=\u00a0\u00bb1_2,1_2&Prime; _builder_version=\u00a0\u00bb4.27.4&Prime; _module_preset=\u00a0\u00bbdefault\u00a0\u00bb global_colors_info=\u00a0\u00bb{}\u00a0\u00bb][et_pb_column type=\u00a0\u00bb1_2&Prime; _builder_version=\u00a0\u00bb4.27.4&Prime; _module_preset=\u00a0\u00bbdefault\u00a0\u00bb global_colors_info=\u00a0\u00bb{}\u00a0\u00bb][et_pb_image src=\u00a0\u00bbhttps:\/\/sirius-games.fr\/wp-content\/uploads\/2025\/10\/WhatsApp-Image-2025-10-21-a-11.14.25_ad302214.jpg\u00a0\u00bb alt=\u00a0\u00bbjeu de cartes en 15 min\u00a0\u00bb title_text=\u00a0\u00bbWhatsApp Image 2025-10-21 \u00e0 11.14.25_ad302214&Prime; _builder_version=\u00a0\u00bb4.27.4&Prime; _module_preset=\u00a0\u00bbdefault\u00a0\u00bb max_height=\u00a0\u00bb378px\u00a0\u00bb hover_enabled=\u00a0\u00bb0&Prime; global_colors_info=\u00a0\u00bb{}\u00a0\u00bb sticky_enabled=\u00a0\u00bb0&Prime;][\/et_pb_image][\/et_pb_column][et_pb_column type=\u00a0\u00bb1_2&Prime; _builder_version=\u00a0\u00bb4.27.4&Prime; _module_preset=\u00a0\u00bbdefault\u00a0\u00bb global_colors_info=\u00a0\u00bb{}\u00a0\u00bb][et_pb_text _builder_version=\u00a0\u00bb4.27.4&Prime; _module_preset=\u00a0\u00bbdefault\u00a0\u00bb text_font=\u00a0\u00bbAlatsi||||||||\u00a0\u00bb header_text_align=\u00a0\u00bbcenter\u00a0\u00bb header_2_font=\u00a0\u00bbAlatsi||||||||\u00a0\u00bb header_2_text_color=\u00a0\u00bb#011625&Prime; header_2_font_size=\u00a0\u00bb24px\u00a0\u00bb hover_enabled=\u00a0\u00bb0&Prime; global_colors_info=\u00a0\u00bb{}\u00a0\u00bb sticky_enabled=\u00a0\u00bb0&Prime;]<\/p>\n<h2><strong>Sirius Games r\u00e9compens\u00e9 au Concours L\u00e9pine<\/strong><\/h2>\n<p>Notre concept a suscit\u00e9 un bel engouement tout au long de l\u2019\u00e9v\u00e9nement, tant aupr\u00e8s du public que du jury du <span style=\"color: #208eee;\"><strong>Concours L\u00e9pine<\/strong><\/span>. L\u2019alliance entre personnalisation en direct, cr\u00e9ativit\u00e9 et fabrication made in France a su s\u00e9duire par son originalit\u00e9 et son accessibilit\u00e9.<\/p>\n<p>Nous sommes tr\u00e8s fiers d\u2019avoir re\u00e7u la <strong>m\u00e9daille de bronze<\/strong>, une distinction qui vient saluer notre d\u00e9marche d\u2019innovation et le travail passionn\u00e9 de toute l\u2019\u00e9quipe <span style=\"color: #208eee;\"><strong>Sirius Games<\/strong><\/span>.<\/p>\n<p>\ud83c\udf89 Cette r\u00e9compense nous encourage \u00e0 continuer d\u2019explorer de nouvelles id\u00e9es, afin d\u2019offrir au plus grand nombre des jeux uniques, porteurs d\u2019\u00e9motions et de beaux moments \u00e0 partager.<\/p>\n<p>[\/et_pb_text][\/et_pb_column][\/et_pb_row][\/et_pb_section]<\/p>\n","protected":false},"excerpt":{"rendered":"<p>Sirius Games au Concours L\u00e9pine 2025 \u2014 Foire de Paris Une invention au service du jeu, de la cr\u00e9ativit\u00e9 et de l\u2019\u00e9motion Cette ann\u00e9e, Sirius Games a eu l\u2019immense fiert\u00e9 de participer au prestigieux Concours L\u00e9pine, organis\u00e9 dans le cadre de la Foire de Paris 2025. Cet \u00e9v\u00e9nement embl\u00e9matique rassemble chaque ann\u00e9e inventeurs, cr\u00e9ateurs et [&hellip;]<\/p>\n","protected":false},"author":2,"featured_media":873,"parent":0,"menu_order":0,"comment_status":"closed","ping_status":"closed","template":"","meta":{"_et_pb_use_builder":"on","_et_pb_old_content":"","_et_gb_content_width":"","footnotes":""},"class_list":["post-1744","page","type-page","status-publish","has-post-thumbnail","hentry"],"yoast_head":"<!-- This site is optimized with the Yoast SEO plugin v27.0 - https:\/\/yoast.com\/product\/yoast-seo-wordpress\/ -->\n<title>Concours L\u00e9pine 2025 - Sirius Games<\/title>\n<meta name=\"robots\" content=\"index, follow, max-snippet:-1, max-image-preview:large, max-video-preview:-1\" \/>\n<link rel=\"canonical\" href=\"https:\/\/sirius-games.fr\/index.php\/concours-lepine-2025-2\/\" \/>\n<meta property=\"og:locale\" content=\"fr_FR\" \/>\n<meta property=\"og:type\" content=\"article\" \/>\n<meta property=\"og:title\" content=\"Concours L\u00e9pine 2025 - Sirius Games\" \/>\n<meta property=\"og:description\" content=\"Sirius Games au Concours L\u00e9pine 2025 \u2014 Foire de Paris Une invention au service du jeu, de la cr\u00e9ativit\u00e9 et de l\u2019\u00e9motion Cette ann\u00e9e, Sirius Games a eu l\u2019immense fiert\u00e9 de participer au prestigieux Concours L\u00e9pine, organis\u00e9 dans le cadre de la Foire de Paris 2025. Cet \u00e9v\u00e9nement embl\u00e9matique rassemble chaque ann\u00e9e inventeurs, cr\u00e9ateurs et [&hellip;]\" \/>\n<meta property=\"og:url\" content=\"https:\/\/sirius-games.fr\/index.php\/concours-lepine-2025-2\/\" \/>\n<meta property=\"og:site_name\" content=\"Sirius Games\" \/>\n<meta property=\"article:publisher\" content=\"https:\/\/www.facebook.com\/people\/Sirius-Games\/61570457014281\/\" \/>\n<meta property=\"og:image\" content=\"https:\/\/sirius-games.fr\/wp-content\/uploads\/2025\/05\/Foire-de-paris.png\" \/>\n\t<meta property=\"og:image:width\" content=\"947\" \/>\n\t<meta property=\"og:image:height\" content=\"706\" \/>\n\t<meta property=\"og:image:type\" content=\"image\/png\" \/>\n<meta name=\"twitter:card\" content=\"summary_large_image\" \/>\n<meta name=\"twitter:label1\" content=\"Dur\u00e9e de lecture estim\u00e9e\" \/>\n\t<meta name=\"twitter:data1\" content=\"5 minutes\" \/>\n<script type=\"application\/ld+json\" class=\"yoast-schema-graph\">{\"@context\":\"https:\/\/schema.org\",\"@graph\":[{\"@type\":\"WebPage\",\"@id\":\"https:\/\/sirius-games.fr\/index.php\/concours-lepine-2025-2\/\",\"url\":\"https:\/\/sirius-games.fr\/index.php\/concours-lepine-2025-2\/\",\"name\":\"Concours L\u00e9pine 2025 - Sirius Games\",\"isPartOf\":{\"@id\":\"https:\/\/sirius-games.fr\/#website\"},\"primaryImageOfPage\":{\"@id\":\"https:\/\/sirius-games.fr\/index.php\/concours-lepine-2025-2\/#primaryimage\"},\"image\":{\"@id\":\"https:\/\/sirius-games.fr\/index.php\/concours-lepine-2025-2\/#primaryimage\"},\"thumbnailUrl\":\"https:\/\/sirius-games.fr\/wp-content\/uploads\/2025\/05\/Foire-de-paris.png\",\"datePublished\":\"2025-10-27T09:57:48+00:00\",\"breadcrumb\":{\"@id\":\"https:\/\/sirius-games.fr\/index.php\/concours-lepine-2025-2\/#breadcrumb\"},\"inLanguage\":\"fr-FR\",\"potentialAction\":[{\"@type\":\"ReadAction\",\"target\":[\"https:\/\/sirius-games.fr\/index.php\/concours-lepine-2025-2\/\"]}]},{\"@type\":\"ImageObject\",\"inLanguage\":\"fr-FR\",\"@id\":\"https:\/\/sirius-games.fr\/index.php\/concours-lepine-2025-2\/#primaryimage\",\"url\":\"https:\/\/sirius-games.fr\/wp-content\/uploads\/2025\/05\/Foire-de-paris.png\",\"contentUrl\":\"https:\/\/sirius-games.fr\/wp-content\/uploads\/2025\/05\/Foire-de-paris.png\",\"width\":947,\"height\":706,\"caption\":\"sirius games au concours l\u00e9pine 2025\"},{\"@type\":\"BreadcrumbList\",\"@id\":\"https:\/\/sirius-games.fr\/index.php\/concours-lepine-2025-2\/#breadcrumb\",\"itemListElement\":[{\"@type\":\"ListItem\",\"position\":1,\"name\":\"Accueil\",\"item\":\"https:\/\/sirius-games.fr\/\"},{\"@type\":\"ListItem\",\"position\":2,\"name\":\"Concours L\u00e9pine 2025\"}]},{\"@type\":\"WebSite\",\"@id\":\"https:\/\/sirius-games.fr\/#website\",\"url\":\"https:\/\/sirius-games.fr\/\",\"name\":\"Sirius Games\",\"description\":\"Votre jeu de carte personnalis\u00e9 avec votre visage !\",\"publisher\":{\"@id\":\"https:\/\/sirius-games.fr\/#organization\"},\"potentialAction\":[{\"@type\":\"SearchAction\",\"target\":{\"@type\":\"EntryPoint\",\"urlTemplate\":\"https:\/\/sirius-games.fr\/?s={search_term_string}\"},\"query-input\":{\"@type\":\"PropertyValueSpecification\",\"valueRequired\":true,\"valueName\":\"search_term_string\"}}],\"inLanguage\":\"fr-FR\"},{\"@type\":\"Organization\",\"@id\":\"https:\/\/sirius-games.fr\/#organization\",\"name\":\"Sirius Games\",\"url\":\"https:\/\/sirius-games.fr\/\",\"logo\":{\"@type\":\"ImageObject\",\"inLanguage\":\"fr-FR\",\"@id\":\"https:\/\/sirius-games.fr\/#\/schema\/logo\/image\/\",\"url\":\"https:\/\/sirius-games.fr\/wp-content\/uploads\/2025\/01\/logo.png\",\"contentUrl\":\"https:\/\/sirius-games.fr\/wp-content\/uploads\/2025\/01\/logo.png\",\"width\":447,\"height\":227,\"caption\":\"Sirius Games\"},\"image\":{\"@id\":\"https:\/\/sirius-games.fr\/#\/schema\/logo\/image\/\"},\"sameAs\":[\"https:\/\/www.facebook.com\/people\/Sirius-Games\/61570457014281\/\",\"https:\/\/www.instagram.com\/sirius_games_\/\"]}]}<\/script>\n<!-- \/ Yoast SEO plugin. -->","yoast_head_json":{"title":"Concours L\u00e9pine 2025 - Sirius Games","robots":{"index":"index","follow":"follow","max-snippet":"max-snippet:-1","max-image-preview":"max-image-preview:large","max-video-preview":"max-video-preview:-1"},"canonical":"https:\/\/sirius-games.fr\/index.php\/concours-lepine-2025-2\/","og_locale":"fr_FR","og_type":"article","og_title":"Concours L\u00e9pine 2025 - Sirius Games","og_description":"Sirius Games au Concours L\u00e9pine 2025 \u2014 Foire de Paris Une invention au service du jeu, de la cr\u00e9ativit\u00e9 et de l\u2019\u00e9motion Cette ann\u00e9e, Sirius Games a eu l\u2019immense fiert\u00e9 de participer au prestigieux Concours L\u00e9pine, organis\u00e9 dans le cadre de la Foire de Paris 2025. Cet \u00e9v\u00e9nement embl\u00e9matique rassemble chaque ann\u00e9e inventeurs, cr\u00e9ateurs et [&hellip;]","og_url":"https:\/\/sirius-games.fr\/index.php\/concours-lepine-2025-2\/","og_site_name":"Sirius Games","article_publisher":"https:\/\/www.facebook.com\/people\/Sirius-Games\/61570457014281\/","og_image":[{"width":947,"height":706,"url":"https:\/\/sirius-games.fr\/wp-content\/uploads\/2025\/05\/Foire-de-paris.png","type":"image\/png"}],"twitter_card":"summary_large_image","twitter_misc":{"Dur\u00e9e de lecture estim\u00e9e":"5 minutes"},"schema":{"@context":"https:\/\/schema.org","@graph":[{"@type":"WebPage","@id":"https:\/\/sirius-games.fr\/index.php\/concours-lepine-2025-2\/","url":"https:\/\/sirius-games.fr\/index.php\/concours-lepine-2025-2\/","name":"Concours L\u00e9pine 2025 - Sirius Games","isPartOf":{"@id":"https:\/\/sirius-games.fr\/#website"},"primaryImageOfPage":{"@id":"https:\/\/sirius-games.fr\/index.php\/concours-lepine-2025-2\/#primaryimage"},"image":{"@id":"https:\/\/sirius-games.fr\/index.php\/concours-lepine-2025-2\/#primaryimage"},"thumbnailUrl":"https:\/\/sirius-games.fr\/wp-content\/uploads\/2025\/05\/Foire-de-paris.png","datePublished":"2025-10-27T09:57:48+00:00","breadcrumb":{"@id":"https:\/\/sirius-games.fr\/index.php\/concours-lepine-2025-2\/#breadcrumb"},"inLanguage":"fr-FR","potentialAction":[{"@type":"ReadAction","target":["https:\/\/sirius-games.fr\/index.php\/concours-lepine-2025-2\/"]}]},{"@type":"ImageObject","inLanguage":"fr-FR","@id":"https:\/\/sirius-games.fr\/index.php\/concours-lepine-2025-2\/#primaryimage","url":"https:\/\/sirius-games.fr\/wp-content\/uploads\/2025\/05\/Foire-de-paris.png","contentUrl":"https:\/\/sirius-games.fr\/wp-content\/uploads\/2025\/05\/Foire-de-paris.png","width":947,"height":706,"caption":"sirius games au concours l\u00e9pine 2025"},{"@type":"BreadcrumbList","@id":"https:\/\/sirius-games.fr\/index.php\/concours-lepine-2025-2\/#breadcrumb","itemListElement":[{"@type":"ListItem","position":1,"name":"Accueil","item":"https:\/\/sirius-games.fr\/"},{"@type":"ListItem","position":2,"name":"Concours L\u00e9pine 2025"}]},{"@type":"WebSite","@id":"https:\/\/sirius-games.fr\/#website","url":"https:\/\/sirius-games.fr\/","name":"Sirius Games","description":"Votre jeu de carte personnalis\u00e9 avec votre visage !","publisher":{"@id":"https:\/\/sirius-games.fr\/#organization"},"potentialAction":[{"@type":"SearchAction","target":{"@type":"EntryPoint","urlTemplate":"https:\/\/sirius-games.fr\/?s={search_term_string}"},"query-input":{"@type":"PropertyValueSpecification","valueRequired":true,"valueName":"search_term_string"}}],"inLanguage":"fr-FR"},{"@type":"Organization","@id":"https:\/\/sirius-games.fr\/#organization","name":"Sirius Games","url":"https:\/\/sirius-games.fr\/","logo":{"@type":"ImageObject","inLanguage":"fr-FR","@id":"https:\/\/sirius-games.fr\/#\/schema\/logo\/image\/","url":"https:\/\/sirius-games.fr\/wp-content\/uploads\/2025\/01\/logo.png","contentUrl":"https:\/\/sirius-games.fr\/wp-content\/uploads\/2025\/01\/logo.png","width":447,"height":227,"caption":"Sirius Games"},"image":{"@id":"https:\/\/sirius-games.fr\/#\/schema\/logo\/image\/"},"sameAs":["https:\/\/www.facebook.com\/people\/Sirius-Games\/61570457014281\/","https:\/\/www.instagram.com\/sirius_games_\/"]}]}},"_links":{"self":[{"href":"https:\/\/sirius-games.fr\/index.php\/wp-json\/wp\/v2\/pages\/1744","targetHints":{"allow":["GET"]}}],"collection":[{"href":"https:\/\/sirius-games.fr\/index.php\/wp-json\/wp\/v2\/pages"}],"about":[{"href":"https:\/\/sirius-games.fr\/index.php\/wp-json\/wp\/v2\/types\/page"}],"author":[{"embeddable":true,"href":"https:\/\/sirius-games.fr\/index.php\/wp-json\/wp\/v2\/users\/2"}],"replies":[{"embeddable":true,"href":"https:\/\/sirius-games.fr\/index.php\/wp-json\/wp\/v2\/comments?post=1744"}],"version-history":[{"count":1,"href":"https:\/\/sirius-games.fr\/index.php\/wp-json\/wp\/v2\/pages\/1744\/revisions"}],"predecessor-version":[{"id":1752,"href":"https:\/\/sirius-games.fr\/index.php\/wp-json\/wp\/v2\/pages\/1744\/revisions\/1752"}],"wp:featuredmedia":[{"embeddable":true,"href":"https:\/\/sirius-games.fr\/index.php\/wp-json\/wp\/v2\/media\/873"}],"wp:attachment":[{"href":"https:\/\/sirius-games.fr\/index.php\/wp-json\/wp\/v2\/media?parent=1744"}],"curies":[{"name":"wp","href":"https:\/\/api.w.org\/{rel}","templated":true}]}}