

{"id":415,"date":"2025-03-18T09:06:32","date_gmt":"2025-03-18T08:06:32","guid":{"rendered":"https:\/\/sirius-games.fr\/?page_id=415"},"modified":"2025-12-16T17:28:37","modified_gmt":"2025-12-16T16:28:37","slug":"mentions-legales-sirius-games","status":"publish","type":"page","link":"https:\/\/sirius-games.fr\/index.php\/mentions-legales-sirius-games\/","title":{"rendered":"Mentions l\u00e9gales Sirius Games"},"content":{"rendered":"<p>[et_pb_section fb_built=\u00a0\u00bb1&Prime; _builder_version=\u00a0\u00bb4.27.4&Prime; _module_preset=\u00a0\u00bbdefault\u00a0\u00bb global_colors_info=\u00a0\u00bb{}\u00a0\u00bb][et_pb_row _builder_version=\u00a0\u00bb4.27.4&Prime; _module_preset=\u00a0\u00bbdefault\u00a0\u00bb global_colors_info=\u00a0\u00bb{}\u00a0\u00bb][et_pb_column type=\u00a0\u00bb4_4&Prime; _builder_version=\u00a0\u00bb4.27.4&Prime; _module_preset=\u00a0\u00bbdefault\u00a0\u00bb global_colors_info=\u00a0\u00bb{}\u00a0\u00bb][et_pb_text _builder_version=\u00a0\u00bb4.27.4&Prime; _module_preset=\u00a0\u00bbdefault\u00a0\u00bb text_font=\u00a0\u00bbAlatsi||||||||\u00a0\u00bb global_colors_info=\u00a0\u00bb{}\u00a0\u00bb]<\/p>\n<p><strong>Mentions L\u00e9gales<\/strong><\/p>\n<p><strong>1. \u00c9diteur du site<\/strong><br \/>Le site Sirius Games est \u00e9dit\u00e9 par SIRIUS GAMES, Soci\u00e9t\u00e9 par actions simplifi\u00e9e au capital de 500\u20ac, immatricul\u00e9e sous le num\u00e9ro SIREN 937 680 528 au RCS d&rsquo;Arpajon.<br \/>Si\u00e8ge social : 1 B RUE DE LA LIBERATION, 91290 ARPAJON, France<br \/>E-mail : <a href=\"mailto:contact@sirius-games.fr\">contact@sirius-games.fr<\/a><\/p>\n<p><strong>2. Directeur de publication<\/strong><\/p>\n<p>Le directeur de publication est Anne COLIN-SEGUIN via Artemis EI, immatricul\u00e9e sous le num\u00e9ro SIRET 94923522000017.<\/p>\n<p><strong>3. H\u00e9bergeur du site<\/strong><br \/>Le site Sirius Games est h\u00e9berg\u00e9 par :<br \/>OVHCloud<br \/>2 RUE KELLERMANN, 59100 ROUBAIX, France<br \/>SIREN : 424 761 419<br \/>T\u00e9l\u00e9phone : [Num\u00e9ro de contact]<\/p>\n<p><strong>4. Propri\u00e9t\u00e9 intellectuelle<\/strong><br \/>Tous les contenus pr\u00e9sents sur ce site (textes, images, graphismes, logos, ic\u00f4nes, etc.) sont prot\u00e9g\u00e9s par le droit d&rsquo;auteur et sont la propri\u00e9t\u00e9 exclusive de Sirius Games ou de ses partenaires. Toute reproduction, distribution ou modification sans autorisation pr\u00e9alable est interdite.<\/p>\n<p><strong>5. Donn\u00e9es personnelles<\/strong><br \/>Les informations recueillies sur ce site sont destin\u00e9es \u00e0 envoyer les bons de commande et les factures, la newsletter seulement si vous vous y inscrivez ; les photos sont conserv\u00e9es le temps de la g\u00e9n\u00e9ration et livraison de la commande. Conform\u00e9ment au R\u00e8glement G\u00e9n\u00e9ral sur la Protection des Donn\u00e9es (RGPD), vous disposez d\u2019un droit d\u2019acc\u00e8s, de rectification et de suppression de vos donn\u00e9es. Vous pouvez exercer ces droits en contactant <a href=\"mailto:contact@sirius-games.fr\">contact@sirius-games.fr<\/a>.<\/p>\n<p><strong>6. Cookies<\/strong><br \/>Le site Sirius Games n&rsquo;utilise pas de cookies.<\/p>\n<p><strong>7. Responsabilit\u00e9s<\/strong><br \/>Sirius Games ne saurait \u00eatre tenu responsable des \u00e9ventuelles erreurs, interruptions ou indisponibilit\u00e9s du site. L&rsquo;utilisation du site se fait sous la seule responsabilit\u00e9 de l&rsquo;utilisateur.<\/p>\n<p><strong>8. Contact<\/strong><br \/>Pour toute question ou r\u00e9clamation, vous pouvez nous contacter \u00e0 :<br \/>E-mail : <a href=\"mailto:contact@sirius-games.fr\">contact@sirius-games.fr<\/a><br \/>Adresse postale : 1 B RUE DE LA LIBERATION, 91290 ARPAJON, France<\/p>\n<p><strong>9. Loi applicable<\/strong><br \/>Les pr\u00e9sentes mentions l\u00e9gales sont soumises au droit fran\u00e7ais. En cas de litige, les tribunaux comp\u00e9tents seront ceux d&rsquo;Arpajon.<\/p>\n<p>[\/et_pb_text][\/et_pb_column][\/et_pb_row][\/et_pb_section]<\/p>\n","protected":false},"excerpt":{"rendered":"<p>Mentions L\u00e9gales 1. \u00c9diteur du siteLe site Sirius Games est \u00e9dit\u00e9 par SIRIUS GAMES, Soci\u00e9t\u00e9 par actions simplifi\u00e9e au capital de 500\u20ac, immatricul\u00e9e sous le num\u00e9ro SIREN 937 680 528 au RCS d&rsquo;Arpajon.Si\u00e8ge social : 1 B RUE DE LA LIBERATION, 91290 ARPAJON, FranceE-mail : contact@sirius-games.fr 2. Directeur de publication Le directeur de publication est [&hellip;]<\/p>\n","protected":false},"author":1,"featured_media":0,"parent":0,"menu_order":0,"comment_status":"closed","ping_status":"closed","template":"","meta":{"_et_pb_use_builder":"on","_et_pb_old_content":"","_et_gb_content_width":"","footnotes":""},"class_list":["post-415","page","type-page","status-publish","hentry"],"yoast_head":"<!-- This site is optimized with the Yoast SEO plugin v27.0 - https:\/\/yoast.com\/product\/yoast-seo-wordpress\/ -->\n<title>Mentions l\u00e9gales Sirius Games - Sirius Games<\/title>\n<meta name=\"robots\" content=\"index, follow, max-snippet:-1, max-image-preview:large, max-video-preview:-1\" \/>\n<link rel=\"canonical\" href=\"https:\/\/sirius-games.fr\/index.php\/mentions-legales-sirius-games\/\" \/>\n<meta property=\"og:locale\" content=\"fr_FR\" \/>\n<meta property=\"og:type\" content=\"article\" \/>\n<meta property=\"og:title\" content=\"Mentions l\u00e9gales Sirius Games - Sirius Games\" \/>\n<meta property=\"og:description\" content=\"Mentions L\u00e9gales 1. \u00c9diteur du siteLe site Sirius Games est \u00e9dit\u00e9 par SIRIUS GAMES, Soci\u00e9t\u00e9 par actions simplifi\u00e9e au capital de 500\u20ac, immatricul\u00e9e sous le num\u00e9ro SIREN 937 680 528 au RCS d&#039;Arpajon.Si\u00e8ge social : 1 B RUE DE LA LIBERATION, 91290 ARPAJON, FranceE-mail : contact@sirius-games.fr 2. Directeur de publication Le directeur de publication est [&hellip;]\" \/>\n<meta property=\"og:url\" content=\"https:\/\/sirius-games.fr\/index.php\/mentions-legales-sirius-games\/\" \/>\n<meta property=\"og:site_name\" content=\"Sirius Games\" \/>\n<meta property=\"article:publisher\" content=\"https:\/\/www.facebook.com\/people\/Sirius-Games\/61570457014281\/\" \/>\n<meta property=\"article:modified_time\" content=\"2025-12-16T16:28:37+00:00\" \/>\n<meta name=\"twitter:card\" content=\"summary_large_image\" \/>\n<meta name=\"twitter:label1\" content=\"Dur\u00e9e de lecture estim\u00e9e\" \/>\n\t<meta name=\"twitter:data1\" content=\"2 minutes\" \/>\n<script type=\"application\/ld+json\" class=\"yoast-schema-graph\">{\"@context\":\"https:\/\/schema.org\",\"@graph\":[{\"@type\":\"WebPage\",\"@id\":\"https:\/\/sirius-games.fr\/index.php\/mentions-legales-sirius-games\/\",\"url\":\"https:\/\/sirius-games.fr\/index.php\/mentions-legales-sirius-games\/\",\"name\":\"Mentions l\u00e9gales Sirius Games - Sirius Games\",\"isPartOf\":{\"@id\":\"https:\/\/sirius-games.fr\/#website\"},\"datePublished\":\"2025-03-18T08:06:32+00:00\",\"dateModified\":\"2025-12-16T16:28:37+00:00\",\"breadcrumb\":{\"@id\":\"https:\/\/sirius-games.fr\/index.php\/mentions-legales-sirius-games\/#breadcrumb\"},\"inLanguage\":\"fr-FR\",\"potentialAction\":[{\"@type\":\"ReadAction\",\"target\":[\"https:\/\/sirius-games.fr\/index.php\/mentions-legales-sirius-games\/\"]}]},{\"@type\":\"BreadcrumbList\",\"@id\":\"https:\/\/sirius-games.fr\/index.php\/mentions-legales-sirius-games\/#breadcrumb\",\"itemListElement\":[{\"@type\":\"ListItem\",\"position\":1,\"name\":\"Accueil\",\"item\":\"https:\/\/sirius-games.fr\/\"},{\"@type\":\"ListItem\",\"position\":2,\"name\":\"Mentions l\u00e9gales Sirius Games\"}]},{\"@type\":\"WebSite\",\"@id\":\"https:\/\/sirius-games.fr\/#website\",\"url\":\"https:\/\/sirius-games.fr\/\",\"name\":\"Sirius Games\",\"description\":\"Votre jeu de carte personnalis\u00e9 avec votre visage !\",\"publisher\":{\"@id\":\"https:\/\/sirius-games.fr\/#organization\"},\"potentialAction\":[{\"@type\":\"SearchAction\",\"target\":{\"@type\":\"EntryPoint\",\"urlTemplate\":\"https:\/\/sirius-games.fr\/?s={search_term_string}\"},\"query-input\":{\"@type\":\"PropertyValueSpecification\",\"valueRequired\":true,\"valueName\":\"search_term_string\"}}],\"inLanguage\":\"fr-FR\"},{\"@type\":\"Organization\",\"@id\":\"https:\/\/sirius-games.fr\/#organization\",\"name\":\"Sirius Games\",\"url\":\"https:\/\/sirius-games.fr\/\",\"logo\":{\"@type\":\"ImageObject\",\"inLanguage\":\"fr-FR\",\"@id\":\"https:\/\/sirius-games.fr\/#\/schema\/logo\/image\/\",\"url\":\"https:\/\/sirius-games.fr\/wp-content\/uploads\/2025\/01\/logo.png\",\"contentUrl\":\"https:\/\/sirius-games.fr\/wp-content\/uploads\/2025\/01\/logo.png\",\"width\":447,\"height\":227,\"caption\":\"Sirius Games\"},\"image\":{\"@id\":\"https:\/\/sirius-games.fr\/#\/schema\/logo\/image\/\"},\"sameAs\":[\"https:\/\/www.facebook.com\/people\/Sirius-Games\/61570457014281\/\",\"https:\/\/www.instagram.com\/sirius_games_\/\"]}]}<\/script>\n<!-- \/ Yoast SEO plugin. -->","yoast_head_json":{"title":"Mentions l\u00e9gales Sirius Games - Sirius Games","robots":{"index":"index","follow":"follow","max-snippet":"max-snippet:-1","max-image-preview":"max-image-preview:large","max-video-preview":"max-video-preview:-1"},"canonical":"https:\/\/sirius-games.fr\/index.php\/mentions-legales-sirius-games\/","og_locale":"fr_FR","og_type":"article","og_title":"Mentions l\u00e9gales Sirius Games - Sirius Games","og_description":"Mentions L\u00e9gales 1. \u00c9diteur du siteLe site Sirius Games est \u00e9dit\u00e9 par SIRIUS GAMES, Soci\u00e9t\u00e9 par actions simplifi\u00e9e au capital de 500\u20ac, immatricul\u00e9e sous le num\u00e9ro SIREN 937 680 528 au RCS d'Arpajon.Si\u00e8ge social : 1 B RUE DE LA LIBERATION, 91290 ARPAJON, FranceE-mail : contact@sirius-games.fr 2. Directeur de publication Le directeur de publication est [&hellip;]","og_url":"https:\/\/sirius-games.fr\/index.php\/mentions-legales-sirius-games\/","og_site_name":"Sirius Games","article_publisher":"https:\/\/www.facebook.com\/people\/Sirius-Games\/61570457014281\/","article_modified_time":"2025-12-16T16:28:37+00:00","twitter_card":"summary_large_image","twitter_misc":{"Dur\u00e9e de lecture estim\u00e9e":"2 minutes"},"schema":{"@context":"https:\/\/schema.org","@graph":[{"@type":"WebPage","@id":"https:\/\/sirius-games.fr\/index.php\/mentions-legales-sirius-games\/","url":"https:\/\/sirius-games.fr\/index.php\/mentions-legales-sirius-games\/","name":"Mentions l\u00e9gales Sirius Games - Sirius Games","isPartOf":{"@id":"https:\/\/sirius-games.fr\/#website"},"datePublished":"2025-03-18T08:06:32+00:00","dateModified":"2025-12-16T16:28:37+00:00","breadcrumb":{"@id":"https:\/\/sirius-games.fr\/index.php\/mentions-legales-sirius-games\/#breadcrumb"},"inLanguage":"fr-FR","potentialAction":[{"@type":"ReadAction","target":["https:\/\/sirius-games.fr\/index.php\/mentions-legales-sirius-games\/"]}]},{"@type":"BreadcrumbList","@id":"https:\/\/sirius-games.fr\/index.php\/mentions-legales-sirius-games\/#breadcrumb","itemListElement":[{"@type":"ListItem","position":1,"name":"Accueil","item":"https:\/\/sirius-games.fr\/"},{"@type":"ListItem","position":2,"name":"Mentions l\u00e9gales Sirius Games"}]},{"@type":"WebSite","@id":"https:\/\/sirius-games.fr\/#website","url":"https:\/\/sirius-games.fr\/","name":"Sirius Games","description":"Votre jeu de carte personnalis\u00e9 avec votre visage !","publisher":{"@id":"https:\/\/sirius-games.fr\/#organization"},"potentialAction":[{"@type":"SearchAction","target":{"@type":"EntryPoint","urlTemplate":"https:\/\/sirius-games.fr\/?s={search_term_string}"},"query-input":{"@type":"PropertyValueSpecification","valueRequired":true,"valueName":"search_term_string"}}],"inLanguage":"fr-FR"},{"@type":"Organization","@id":"https:\/\/sirius-games.fr\/#organization","name":"Sirius Games","url":"https:\/\/sirius-games.fr\/","logo":{"@type":"ImageObject","inLanguage":"fr-FR","@id":"https:\/\/sirius-games.fr\/#\/schema\/logo\/image\/","url":"https:\/\/sirius-games.fr\/wp-content\/uploads\/2025\/01\/logo.png","contentUrl":"https:\/\/sirius-games.fr\/wp-content\/uploads\/2025\/01\/logo.png","width":447,"height":227,"caption":"Sirius Games"},"image":{"@id":"https:\/\/sirius-games.fr\/#\/schema\/logo\/image\/"},"sameAs":["https:\/\/www.facebook.com\/people\/Sirius-Games\/61570457014281\/","https:\/\/www.instagram.com\/sirius_games_\/"]}]}},"_links":{"self":[{"href":"https:\/\/sirius-games.fr\/index.php\/wp-json\/wp\/v2\/pages\/415","targetHints":{"allow":["GET"]}}],"collection":[{"href":"https:\/\/sirius-games.fr\/index.php\/wp-json\/wp\/v2\/pages"}],"about":[{"href":"https:\/\/sirius-games.fr\/index.php\/wp-json\/wp\/v2\/types\/page"}],"author":[{"embeddable":true,"href":"https:\/\/sirius-games.fr\/index.php\/wp-json\/wp\/v2\/users\/1"}],"replies":[{"embeddable":true,"href":"https:\/\/sirius-games.fr\/index.php\/wp-json\/wp\/v2\/comments?post=415"}],"version-history":[{"count":4,"href":"https:\/\/sirius-games.fr\/index.php\/wp-json\/wp\/v2\/pages\/415\/revisions"}],"predecessor-version":[{"id":2610,"href":"https:\/\/sirius-games.fr\/index.php\/wp-json\/wp\/v2\/pages\/415\/revisions\/2610"}],"wp:attachment":[{"href":"https:\/\/sirius-games.fr\/index.php\/wp-json\/wp\/v2\/media?parent=415"}],"curies":[{"name":"wp","href":"https:\/\/api.w.org\/{rel}","templated":true}]}}