

{"id":2881,"date":"2026-01-13T20:46:47","date_gmt":"2026-01-13T19:46:47","guid":{"rendered":"https:\/\/sirius-games.fr\/?post_type=product&#038;p=2881"},"modified":"2026-05-06T21:44:31","modified_gmt":"2026-05-06T19:44:31","slug":"jeu-de-54-cartes-personnalisable","status":"publish","type":"product","link":"https:\/\/sirius-games.fr\/index.php\/produit\/jeu-de-54-cartes-personnalisable\/","title":{"rendered":"Jeu de 54 cartes &#8211; Photos"},"content":{"rendered":"<p>[et_pb_section fb_built=\u00a0\u00bb1&Prime; _builder_version=\u00a0\u00bb4.16&Prime; custom_padding=\u00a0\u00bb0px||||false|false\u00a0\u00bb global_colors_info=\u00a0\u00bb{}\u00a0\u00bb][et_pb_row _builder_version=\u00a0\u00bb4.16&Prime; background_size=\u00a0\u00bbinitial\u00a0\u00bb background_position=\u00a0\u00bbtop_left\u00a0\u00bb background_repeat=\u00a0\u00bbrepeat\u00a0\u00bb width=\u00a0\u00bb100%\u00a0\u00bb custom_padding=\u00a0\u00bb0px||0px||false|false\u00a0\u00bb global_colors_info=\u00a0\u00bb{}\u00a0\u00bb][et_pb_column type=\u00a0\u00bb4_4&Prime; _builder_version=\u00a0\u00bb4.16&Prime; custom_padding=\u00a0\u00bb|||\u00a0\u00bb global_colors_info=\u00a0\u00bb{}\u00a0\u00bb custom_padding__hover=\u00a0\u00bb|||\u00a0\u00bb][et_pb_wc_breadcrumb admin_label=\u00a0\u00bbWoo miettes de pain\u00a0\u00bb _builder_version=\u00a0\u00bb4.16&Prime; global_colors_info=\u00a0\u00bb{}\u00a0\u00bb][\/et_pb_wc_breadcrumb][et_pb_wc_cart_notice _builder_version=\u00a0\u00bb4.16&Prime; global_colors_info=\u00a0\u00bb{}\u00a0\u00bb][\/et_pb_wc_cart_notice][\/et_pb_column][\/et_pb_row][et_pb_row column_structure=\u00a0\u00bb1_2,1_2&Prime; _builder_version=\u00a0\u00bb4.16&Prime; background_size=\u00a0\u00bbinitial\u00a0\u00bb background_position=\u00a0\u00bbtop_left\u00a0\u00bb background_repeat=\u00a0\u00bbrepeat\u00a0\u00bb width=\u00a0\u00bb100%\u00a0\u00bb custom_padding=\u00a0\u00bb0px||||false|false\u00a0\u00bb global_colors_info=\u00a0\u00bb{}\u00a0\u00bb][et_pb_column type=\u00a0\u00bb1_2&Prime; _builder_version=\u00a0\u00bb4.16&Prime; custom_padding=\u00a0\u00bb|||\u00a0\u00bb global_colors_info=\u00a0\u00bb{}\u00a0\u00bb custom_padding__hover=\u00a0\u00bb|||\u00a0\u00bb][et_pb_wc_images _builder_version=\u00a0\u00bb4.16&Prime; global_colors_info=\u00a0\u00bb{}\u00a0\u00bb][\/et_pb_wc_images][\/et_pb_column][et_pb_column type=\u00a0\u00bb1_2&Prime; _builder_version=\u00a0\u00bb4.16&Prime; custom_padding=\u00a0\u00bb|||\u00a0\u00bb global_colors_info=\u00a0\u00bb{}\u00a0\u00bb custom_padding__hover=\u00a0\u00bb|||\u00a0\u00bb][et_pb_wc_title _builder_version=\u00a0\u00bb4.16&Prime; global_colors_info=\u00a0\u00bb{}\u00a0\u00bb][\/et_pb_wc_title][et_pb_wc_rating _builder_version=\u00a0\u00bb4.16&Prime; global_colors_info=\u00a0\u00bb{}\u00a0\u00bb][\/et_pb_wc_rating][et_pb_wc_price _builder_version=\u00a0\u00bb4.16&Prime; global_colors_info=\u00a0\u00bb{}\u00a0\u00bb][\/et_pb_wc_price][et_pb_wc_description _builder_version=\u00a0\u00bb4.16&Prime; global_colors_info=\u00a0\u00bb{}\u00a0\u00bb][\/et_pb_wc_description][et_pb_wc_add_to_cart _builder_version=\u00a0\u00bb4.16&Prime; global_colors_info=\u00a0\u00bb{}\u00a0\u00bb][\/et_pb_wc_add_to_cart][et_pb_wc_meta _builder_version=\u00a0\u00bb4.16&Prime; global_colors_info=\u00a0\u00bb{}\u00a0\u00bb][\/et_pb_wc_meta][\/et_pb_column][\/et_pb_row][et_pb_row _builder_version=\u00a0\u00bb4.16&Prime; background_size=\u00a0\u00bbinitial\u00a0\u00bb background_position=\u00a0\u00bbtop_left\u00a0\u00bb background_repeat=\u00a0\u00bbrepeat\u00a0\u00bb width=\u00a0\u00bb100%\u00a0\u00bb global_colors_info=\u00a0\u00bb{}\u00a0\u00bb][et_pb_column type=\u00a0\u00bb4_4&Prime; _builder_version=\u00a0\u00bb4.16&Prime; custom_padding=\u00a0\u00bb|||\u00a0\u00bb global_colors_info=\u00a0\u00bb{}\u00a0\u00bb custom_padding__hover=\u00a0\u00bb|||\u00a0\u00bb][et_pb_wc_tabs _builder_version=\u00a0\u00bb4.16&Prime; global_colors_info=\u00a0\u00bb{}\u00a0\u00bb] [\/et_pb_wc_tabs][et_pb_wc_upsells _builder_version=\u00a0\u00bb4.16&Prime; global_colors_info=\u00a0\u00bb{}\u00a0\u00bb][\/et_pb_wc_upsells][et_pb_wc_related_products _builder_version=\u00a0\u00bb4.16&Prime; global_colors_info=\u00a0\u00bb{}\u00a0\u00bb][\/et_pb_wc_related_products][\/et_pb_column][\/et_pb_row][\/et_pb_section]<\/p>\n","protected":false},"excerpt":{"rendered":"<p><strong>Offrez un jeu de cartes unique au monde : le v\u00f4tre !<\/strong><\/p>\n<p>Chez Sirius Games, on vous transforme en roi, reine ou valet gr\u00e2ce \u00e0 notre logiciel intelligent et notre savoir-faire artisanal.<\/p>\n<p>R\u00e9sultat : un jeu dr\u00f4le, d\u00e9cal\u00e9, et 100 % personnalis\u00e9\u2026 parfait pour offrir ou se faire plaisir !<\/p>\n<p><strong data-start=\"361\" data-end=\"395\">Livraison sous 7 jours ouvr\u00e9s.<\/strong><\/p>\n<p><strong><b>Ce que vous recevez :<\/b><\/strong><\/p>\n<p>\ud83c\udccf 1 jeu complet de 54 cartes (52 + 2 jokers)<\/p>\n<p>\ud83d\udc51 12 cartes personnalis\u00e9es avec vos photos<\/p>\n<p>\ud83c\udfa8 Impression artisanale sur papier haut de gamme (dimensions 65 \u00d7 89 mm)<\/p>\n<p>\ud83e\ude99 Bo\u00eete en fer blanc premium incluse : solide, \u00e9l\u00e9gante, et parfaite pour le transport<\/p>\n<p>\ud83d\udce6 Fabrication 100 % fran\u00e7aise : con\u00e7u, imprim\u00e9 et assembl\u00e9 \u00e0 la main dans l\u2019Essonne<\/p>\n<p>&nbsp;<\/p>\n","protected":false},"featured_media":2886,"comment_status":"open","ping_status":"closed","template":"","meta":{"_et_pb_use_builder":"on","_et_pb_old_content":"<strong><b>Offrez du rire et de l\u2019\u00e9motion ! <\/b><\/strong>C\u2019est un cadeau parfait pour un anniversaire, un mariage, un Secret Santa ou simplement pour faire plaisir\u2026 Un jeu unique, dr\u00f4le, et totalement \u00e0 votre image. Cr\u00e9ez votre jeu personnalis\u00e9 d\u00e8s maintenant et d\u00e9couvrez qui sera le roi ou la reine de votre soir\u00e9e.\r\n\r\n<strong><b>Un jeu fait avec amour ! <\/b><\/strong>Pas de production \u00e0 l\u2019autre bout du monde. Ici, tout est fait localement, dans notre atelier situ\u00e9 \u00e0 Arpajon. De la conception \u00e0 la fabrication \u00e0 la main, chaque jeu est unique et r\u00e9alis\u00e9 int\u00e9gralement par nos soins.\r\n\r\n&nbsp;\r\n<table style=\"border-style: solid;height: 277px\">\r\n<tbody>\r\n<tr style=\"height: 23px\">\r\n<td style=\"width: 221px;height: 23px\"><strong><b>Caract\u00e9ristiques<\/b><\/strong><\/td>\r\n<td style=\"width: 372px;height: 23px\"><strong><b>D\u00e9tails<\/b><\/strong><\/td>\r\n<\/tr>\r\n<tr style=\"height: 23px\">\r\n<td style=\"width: 221px;height: 23px\">\ud83c\udccf <strong><b>Contenu du jeu<\/b><\/strong><\/td>\r\n<td style=\"width: 372px;height: 23px\">54 cartes (52 + 2 jokers)<\/td>\r\n<\/tr>\r\n<tr style=\"height: 23px\">\r\n<td style=\"width: 221px;height: 23px\">\ud83d\udc51 <strong><b>Cartes personnalis\u00e9es<\/b><\/strong><\/td>\r\n<td style=\"width: 372px;height: 23px\">12 cartes \u00e0 votre image (4 rois, 4 dames, 4 valets)<\/td>\r\n<\/tr>\r\n<tr style=\"height: 23px\">\r\n<td style=\"width: 221px;height: 23px\">\u00a0<strong><b>Nombre de visages possibles<\/b><\/strong><\/td>\r\n<td style=\"width: 372px;height: 23px\">Jusqu\u2019\u00e0 12 photos diff\u00e9rentes par jeu<\/td>\r\n<\/tr>\r\n<tr style=\"height: 23px\">\r\n<td style=\"width: 221px;height: 23px\">\ud83d\uddbc\ufe0f <strong><b>Aper\u00e7u avant commande<\/b><\/strong><\/td>\r\n<td style=\"width: 372px;height: 23px\">Visualisez votre jeu avant de commander<\/td>\r\n<\/tr>\r\n<tr style=\"height: 23px\">\r\n<td style=\"width: 221px;height: 23px\">\ud83c\udfa8 <strong><b>Th\u00e8mes disponibles<\/b><\/strong><\/td>\r\n<td style=\"width: 372px;height: 23px\">1 univers graphique disponible \/ 2 th\u00e8mes \u00e0 venir<\/td>\r\n<\/tr>\r\n<tr style=\"height: 23px\">\r\n<td style=\"width: 221px;height: 23px\">\ud83d\udcd0 <strong><b>Format des cartes<\/b><\/strong><\/td>\r\n<td style=\"width: 372px;height: 23px\">65 \u00d7 89 mm<\/td>\r\n<\/tr>\r\n<tr style=\"height: 47px\">\r\n<td style=\"width: 221px;height: 47px\">\ud83e\uddf5 <strong><b>Qualit\u00e9 d\u2019impression<\/b><\/strong><\/td>\r\n<td style=\"width: 372px;height: 47px\">Papier haut de gamme, impression artisanale (pelliculage en option)<\/td>\r\n<\/tr>\r\n<tr style=\"height: 23px\">\r\n<td style=\"width: 221px;height: 23px\">\ud83e\ude99 <strong><b>Bo\u00eete fournie<\/b><\/strong><\/td>\r\n<td style=\"width: 372px;height: 23px\">Bo\u00eete en fer blanc premium, solide et r\u00e9utilisable<\/td>\r\n<\/tr>\r\n<tr style=\"height: 23px\">\r\n<td style=\"width: 221px;height: 23px\">\ud83c\uddeb\ud83c\uddf7 <strong><b>Fabrication<\/b><\/strong><\/td>\r\n<td style=\"width: 372px;height: 23px\">Con\u00e7u, imprim\u00e9 et assembl\u00e9 \u00e0 la main \u00e0 Arpajon (Essonne)<\/td>\r\n<\/tr>\r\n<tr style=\"height: 23px\">\r\n<td style=\"width: 221px;height: 23px\"><strong><b>D\u00e9lais<\/b><\/strong><\/td>\r\n<td style=\"width: 372px;height: 23px\">Exp\u00e9di\u00e9 en sept jours ouvr\u00e9s<\/td>\r\n<\/tr>\r\n<\/tbody>\r\n<\/table>","_et_gb_content_width":""},"product_brand":[],"product_cat":[15,29],"product_tag":[],"class_list":{"0":"post-2881","1":"product","2":"type-product","3":"status-publish","4":"has-post-thumbnail","6":"product_cat-non-classe","7":"product_cat-jeux-sans-ia","9":"first","10":"instock","11":"shipping-taxable","12":"purchasable","13":"product-type-simple"},"yoast_head":"<!-- This site is optimized with the Yoast SEO plugin v27.0 - https:\/\/yoast.com\/product\/yoast-seo-wordpress\/ -->\n<title>Jeu de 54 cartes - Photos - Sirius Games<\/title>\n<meta name=\"robots\" content=\"index, follow, max-snippet:-1, max-image-preview:large, max-video-preview:-1\" \/>\n<link rel=\"canonical\" href=\"https:\/\/sirius-games.fr\/index.php\/produit\/jeu-de-54-cartes-personnalisable\/\" \/>\n<meta property=\"og:locale\" content=\"fr_FR\" \/>\n<meta property=\"og:type\" content=\"article\" \/>\n<meta property=\"og:title\" content=\"Jeu de 54 cartes - Photos - Sirius Games\" \/>\n<meta property=\"og:description\" content=\"Offrez un jeu de cartes unique au monde : le v\u00f4tre !  Chez Sirius Games, on vous transforme en roi, reine ou valet gr\u00e2ce \u00e0 notre logiciel intelligent et notre savoir-faire artisanal.  R\u00e9sultat : un jeu dr\u00f4le, d\u00e9cal\u00e9, et 100 % personnalis\u00e9\u2026 parfait pour offrir ou se faire plaisir !  Livraison sous 7 jours ouvr\u00e9s.  Ce que vous recevez :  \ud83c\udccf 1 jeu complet de 54 cartes (52 + 2 jokers)  \ud83d\udc51 12 cartes personnalis\u00e9es avec vos photos  \ud83c\udfa8 Impression artisanale sur papier haut de gamme (dimensions 65 \u00d7 89 mm)  \ud83e\ude99 Bo\u00eete en fer blanc premium incluse : solide, \u00e9l\u00e9gante, et parfaite pour le transport  \ud83d\udce6 Fabrication 100 % fran\u00e7aise : con\u00e7u, imprim\u00e9 et assembl\u00e9 \u00e0 la main dans l\u2019Essonne  &nbsp;\" \/>\n<meta property=\"og:url\" content=\"https:\/\/sirius-games.fr\/index.php\/produit\/jeu-de-54-cartes-personnalisable\/\" \/>\n<meta property=\"og:site_name\" content=\"Sirius Games\" \/>\n<meta property=\"article:publisher\" content=\"https:\/\/www.facebook.com\/people\/Sirius-Games\/61570457014281\/\" \/>\n<meta property=\"article:modified_time\" content=\"2026-05-06T19:44:31+00:00\" \/>\n<meta property=\"og:image\" content=\"https:\/\/sirius-games.fr\/wp-content\/uploads\/2026\/01\/54-cartes-photos-4.jpg\" \/>\n\t<meta property=\"og:image:width\" content=\"1500\" \/>\n\t<meta property=\"og:image:height\" content=\"1500\" \/>\n\t<meta property=\"og:image:type\" content=\"image\/jpeg\" \/>\n<meta name=\"twitter:card\" content=\"summary_large_image\" \/>\n<meta name=\"twitter:label1\" content=\"Dur\u00e9e de lecture estim\u00e9e\" \/>\n\t<meta name=\"twitter:data1\" content=\"2 minutes\" \/>\n<script type=\"application\/ld+json\" class=\"yoast-schema-graph\">{\"@context\":\"https:\/\/schema.org\",\"@graph\":[{\"@type\":\"WebPage\",\"@id\":\"https:\/\/sirius-games.fr\/index.php\/produit\/jeu-de-54-cartes-personnalisable\/\",\"url\":\"https:\/\/sirius-games.fr\/index.php\/produit\/jeu-de-54-cartes-personnalisable\/\",\"name\":\"Jeu de 54 cartes - Photos - Sirius Games\",\"isPartOf\":{\"@id\":\"https:\/\/sirius-games.fr\/#website\"},\"primaryImageOfPage\":{\"@id\":\"https:\/\/sirius-games.fr\/index.php\/produit\/jeu-de-54-cartes-personnalisable\/#primaryimage\"},\"image\":{\"@id\":\"https:\/\/sirius-games.fr\/index.php\/produit\/jeu-de-54-cartes-personnalisable\/#primaryimage\"},\"thumbnailUrl\":\"https:\/\/sirius-games.fr\/wp-content\/uploads\/2026\/01\/54-cartes-photos-4.jpg\",\"datePublished\":\"2026-01-13T19:46:47+00:00\",\"dateModified\":\"2026-05-06T19:44:31+00:00\",\"breadcrumb\":{\"@id\":\"https:\/\/sirius-games.fr\/index.php\/produit\/jeu-de-54-cartes-personnalisable\/#breadcrumb\"},\"inLanguage\":\"fr-FR\",\"potentialAction\":[{\"@type\":\"ReadAction\",\"target\":[\"https:\/\/sirius-games.fr\/index.php\/produit\/jeu-de-54-cartes-personnalisable\/\"]}]},{\"@type\":\"ImageObject\",\"inLanguage\":\"fr-FR\",\"@id\":\"https:\/\/sirius-games.fr\/index.php\/produit\/jeu-de-54-cartes-personnalisable\/#primaryimage\",\"url\":\"https:\/\/sirius-games.fr\/wp-content\/uploads\/2026\/01\/54-cartes-photos-4.jpg\",\"contentUrl\":\"https:\/\/sirius-games.fr\/wp-content\/uploads\/2026\/01\/54-cartes-photos-4.jpg\",\"width\":1500,\"height\":1500},{\"@type\":\"BreadcrumbList\",\"@id\":\"https:\/\/sirius-games.fr\/index.php\/produit\/jeu-de-54-cartes-personnalisable\/#breadcrumb\",\"itemListElement\":[{\"@type\":\"ListItem\",\"position\":1,\"name\":\"Accueil\",\"item\":\"https:\/\/sirius-games.fr\/\"},{\"@type\":\"ListItem\",\"position\":2,\"name\":\"Boutique\",\"item\":\"https:\/\/sirius-games.fr\/index.php\/boutique-2\/\"},{\"@type\":\"ListItem\",\"position\":3,\"name\":\"Jeu de 54 cartes &#8211; Photos\"}]},{\"@type\":\"WebSite\",\"@id\":\"https:\/\/sirius-games.fr\/#website\",\"url\":\"https:\/\/sirius-games.fr\/\",\"name\":\"Sirius Games\",\"description\":\"Votre jeu de carte personnalis\u00e9 avec votre visage !\",\"publisher\":{\"@id\":\"https:\/\/sirius-games.fr\/#organization\"},\"potentialAction\":[{\"@type\":\"SearchAction\",\"target\":{\"@type\":\"EntryPoint\",\"urlTemplate\":\"https:\/\/sirius-games.fr\/?s={search_term_string}\"},\"query-input\":{\"@type\":\"PropertyValueSpecification\",\"valueRequired\":true,\"valueName\":\"search_term_string\"}}],\"inLanguage\":\"fr-FR\"},{\"@type\":\"Organization\",\"@id\":\"https:\/\/sirius-games.fr\/#organization\",\"name\":\"Sirius Games\",\"url\":\"https:\/\/sirius-games.fr\/\",\"logo\":{\"@type\":\"ImageObject\",\"inLanguage\":\"fr-FR\",\"@id\":\"https:\/\/sirius-games.fr\/#\/schema\/logo\/image\/\",\"url\":\"https:\/\/sirius-games.fr\/wp-content\/uploads\/2025\/01\/logo.png\",\"contentUrl\":\"https:\/\/sirius-games.fr\/wp-content\/uploads\/2025\/01\/logo.png\",\"width\":447,\"height\":227,\"caption\":\"Sirius Games\"},\"image\":{\"@id\":\"https:\/\/sirius-games.fr\/#\/schema\/logo\/image\/\"},\"sameAs\":[\"https:\/\/www.facebook.com\/people\/Sirius-Games\/61570457014281\/\",\"https:\/\/www.instagram.com\/sirius_games_\/\"]}]}<\/script>\n<!-- \/ Yoast SEO plugin. -->","yoast_head_json":{"title":"Jeu de 54 cartes - Photos - Sirius Games","robots":{"index":"index","follow":"follow","max-snippet":"max-snippet:-1","max-image-preview":"max-image-preview:large","max-video-preview":"max-video-preview:-1"},"canonical":"https:\/\/sirius-games.fr\/index.php\/produit\/jeu-de-54-cartes-personnalisable\/","og_locale":"fr_FR","og_type":"article","og_title":"Jeu de 54 cartes - Photos - Sirius Games","og_description":"Offrez un jeu de cartes unique au monde : le v\u00f4tre !  Chez Sirius Games, on vous transforme en roi, reine ou valet gr\u00e2ce \u00e0 notre logiciel intelligent et notre savoir-faire artisanal.  R\u00e9sultat : un jeu dr\u00f4le, d\u00e9cal\u00e9, et 100 % personnalis\u00e9\u2026 parfait pour offrir ou se faire plaisir !  Livraison sous 7 jours ouvr\u00e9s.  Ce que vous recevez :  \ud83c\udccf 1 jeu complet de 54 cartes (52 + 2 jokers)  \ud83d\udc51 12 cartes personnalis\u00e9es avec vos photos  \ud83c\udfa8 Impression artisanale sur papier haut de gamme (dimensions 65 \u00d7 89 mm)  \ud83e\ude99 Bo\u00eete en fer blanc premium incluse : solide, \u00e9l\u00e9gante, et parfaite pour le transport  \ud83d\udce6 Fabrication 100 % fran\u00e7aise : con\u00e7u, imprim\u00e9 et assembl\u00e9 \u00e0 la main dans l\u2019Essonne  &nbsp;","og_url":"https:\/\/sirius-games.fr\/index.php\/produit\/jeu-de-54-cartes-personnalisable\/","og_site_name":"Sirius Games","article_publisher":"https:\/\/www.facebook.com\/people\/Sirius-Games\/61570457014281\/","article_modified_time":"2026-05-06T19:44:31+00:00","og_image":[{"width":1500,"height":1500,"url":"https:\/\/sirius-games.fr\/wp-content\/uploads\/2026\/01\/54-cartes-photos-4.jpg","type":"image\/jpeg"}],"twitter_card":"summary_large_image","twitter_misc":{"Dur\u00e9e de lecture estim\u00e9e":"2 minutes"},"schema":{"@context":"https:\/\/schema.org","@graph":[{"@type":"WebPage","@id":"https:\/\/sirius-games.fr\/index.php\/produit\/jeu-de-54-cartes-personnalisable\/","url":"https:\/\/sirius-games.fr\/index.php\/produit\/jeu-de-54-cartes-personnalisable\/","name":"Jeu de 54 cartes - Photos - Sirius Games","isPartOf":{"@id":"https:\/\/sirius-games.fr\/#website"},"primaryImageOfPage":{"@id":"https:\/\/sirius-games.fr\/index.php\/produit\/jeu-de-54-cartes-personnalisable\/#primaryimage"},"image":{"@id":"https:\/\/sirius-games.fr\/index.php\/produit\/jeu-de-54-cartes-personnalisable\/#primaryimage"},"thumbnailUrl":"https:\/\/sirius-games.fr\/wp-content\/uploads\/2026\/01\/54-cartes-photos-4.jpg","datePublished":"2026-01-13T19:46:47+00:00","dateModified":"2026-05-06T19:44:31+00:00","breadcrumb":{"@id":"https:\/\/sirius-games.fr\/index.php\/produit\/jeu-de-54-cartes-personnalisable\/#breadcrumb"},"inLanguage":"fr-FR","potentialAction":[{"@type":"ReadAction","target":["https:\/\/sirius-games.fr\/index.php\/produit\/jeu-de-54-cartes-personnalisable\/"]}]},{"@type":"ImageObject","inLanguage":"fr-FR","@id":"https:\/\/sirius-games.fr\/index.php\/produit\/jeu-de-54-cartes-personnalisable\/#primaryimage","url":"https:\/\/sirius-games.fr\/wp-content\/uploads\/2026\/01\/54-cartes-photos-4.jpg","contentUrl":"https:\/\/sirius-games.fr\/wp-content\/uploads\/2026\/01\/54-cartes-photos-4.jpg","width":1500,"height":1500},{"@type":"BreadcrumbList","@id":"https:\/\/sirius-games.fr\/index.php\/produit\/jeu-de-54-cartes-personnalisable\/#breadcrumb","itemListElement":[{"@type":"ListItem","position":1,"name":"Accueil","item":"https:\/\/sirius-games.fr\/"},{"@type":"ListItem","position":2,"name":"Boutique","item":"https:\/\/sirius-games.fr\/index.php\/boutique-2\/"},{"@type":"ListItem","position":3,"name":"Jeu de 54 cartes &#8211; Photos"}]},{"@type":"WebSite","@id":"https:\/\/sirius-games.fr\/#website","url":"https:\/\/sirius-games.fr\/","name":"Sirius Games","description":"Votre jeu de carte personnalis\u00e9 avec votre visage !","publisher":{"@id":"https:\/\/sirius-games.fr\/#organization"},"potentialAction":[{"@type":"SearchAction","target":{"@type":"EntryPoint","urlTemplate":"https:\/\/sirius-games.fr\/?s={search_term_string}"},"query-input":{"@type":"PropertyValueSpecification","valueRequired":true,"valueName":"search_term_string"}}],"inLanguage":"fr-FR"},{"@type":"Organization","@id":"https:\/\/sirius-games.fr\/#organization","name":"Sirius Games","url":"https:\/\/sirius-games.fr\/","logo":{"@type":"ImageObject","inLanguage":"fr-FR","@id":"https:\/\/sirius-games.fr\/#\/schema\/logo\/image\/","url":"https:\/\/sirius-games.fr\/wp-content\/uploads\/2025\/01\/logo.png","contentUrl":"https:\/\/sirius-games.fr\/wp-content\/uploads\/2025\/01\/logo.png","width":447,"height":227,"caption":"Sirius Games"},"image":{"@id":"https:\/\/sirius-games.fr\/#\/schema\/logo\/image\/"},"sameAs":["https:\/\/www.facebook.com\/people\/Sirius-Games\/61570457014281\/","https:\/\/www.instagram.com\/sirius_games_\/"]}]}},"_links":{"self":[{"href":"https:\/\/sirius-games.fr\/index.php\/wp-json\/wp\/v2\/product\/2881","targetHints":{"allow":["GET"]}}],"collection":[{"href":"https:\/\/sirius-games.fr\/index.php\/wp-json\/wp\/v2\/product"}],"about":[{"href":"https:\/\/sirius-games.fr\/index.php\/wp-json\/wp\/v2\/types\/product"}],"replies":[{"embeddable":true,"href":"https:\/\/sirius-games.fr\/index.php\/wp-json\/wp\/v2\/comments?post=2881"}],"wp:featuredmedia":[{"embeddable":true,"href":"https:\/\/sirius-games.fr\/index.php\/wp-json\/wp\/v2\/media\/2886"}],"wp:attachment":[{"href":"https:\/\/sirius-games.fr\/index.php\/wp-json\/wp\/v2\/media?parent=2881"}],"wp:term":[{"taxonomy":"product_brand","embeddable":true,"href":"https:\/\/sirius-games.fr\/index.php\/wp-json\/wp\/v2\/product_brand?post=2881"},{"taxonomy":"product_cat","embeddable":true,"href":"https:\/\/sirius-games.fr\/index.php\/wp-json\/wp\/v2\/product_cat?post=2881"},{"taxonomy":"product_tag","embeddable":true,"href":"https:\/\/sirius-games.fr\/index.php\/wp-json\/wp\/v2\/product_tag?post=2881"}],"curies":[{"name":"wp","href":"https:\/\/api.w.org\/{rel}","templated":true}]}}